{"id":7,"date":"2025-11-06T06:06:30","date_gmt":"2025-11-06T06:06:30","guid":{"rendered":"https:\/\/jp.mustapilvi.fi\/?page_id=7"},"modified":"2026-03-10T14:40:12","modified_gmt":"2026-03-10T14:40:12","slug":"etusivu","status":"publish","type":"page","link":"https:\/\/jp.mustapilvi.fi\/","title":{"rendered":"Etusivu"},"content":{"rendered":"<style>.kb-row-layout-id7_de1f0b-3f > .kt-row-column-wrap{align-content:center;}:where(.kb-row-layout-id7_de1f0b-3f > .kt-row-column-wrap) > .wp-block-kadence-column{justify-content:center;}.kb-row-layout-id7_de1f0b-3f > .kt-row-column-wrap{column-gap:var(--global-kb-gap-md, 2rem);row-gap:var(--global-kb-gap-md, 2rem);max-width:var( --global-content-width, 1290px );padding-left:var(--global-content-edge-padding);padding-right:var(--global-content-edge-padding);padding-top:var(--global-kb-spacing-sm, 1.5rem);padding-bottom:var(--global-kb-spacing-sm, 1.5rem);min-height:500px;grid-template-columns:minmax(0, 1fr);}.kb-row-layout-id7_de1f0b-3f{background-image:url('https:\/\/jp.mustapilvi.fi\/wp-content\/uploads\/2026\/03\/COS04328-Redigera.jpg');background-size:cover;background-position:50% 57.99999999999999%;background-attachment:scroll;background-repeat:no-repeat;}.kb-row-layout-id7_de1f0b-3f > .kt-row-layout-overlay{opacity:0.82;background:linear-gradient(135deg,var(--global-palette5) 0%,var(--global-palette3) 100%);}.kb-row-layout-id7_de1f0b-3f .kt-row-layout-bottom-sep{height:50px;}.kb-row-layout-id7_de1f0b-3f .kt-row-layout-bottom-sep svg{width:100%;}.kb-row-layout-id7_de1f0b-3f .kt-row-layout-bottom-sep svg{fill:var(--global-palette1, #3182CE)!important;}@media all and (max-width: 1024px){.kb-row-layout-id7_de1f0b-3f > .kt-row-column-wrap{grid-template-columns:minmax(0, 1fr);}}@media all and (max-width: 1024px){.kb-row-layout-id7_de1f0b-3f .kt-row-layout-bottom-sep{height:px;}}@media all and (max-width: 1024px){.kb-row-layout-id7_de1f0b-3f .kt-row-layout-bottom-sep svg{width:%;}}@media all and (max-width: 767px){.kb-row-layout-id7_de1f0b-3f > .kt-row-column-wrap{min-height:250px;grid-template-columns:minmax(0, 1fr);}.kb-row-layout-id7_de1f0b-3f .kt-row-layout-bottom-sep{height:px;}.kb-row-layout-id7_de1f0b-3f .kt-row-layout-bottom-sep svg{width:%;}}<\/style><div class=\"kb-row-layout-wrap kb-row-layout-id7_de1f0b-3f alignnone kt-row-has-bg wp-block-kadence-rowlayout\"><div class=\"kt-row-layout-overlay kt-row-overlay-gradient\"><\/div><div class=\"kt-row-column-wrap kt-has-1-columns kt-row-layout-equal kt-tab-layout-inherit kt-mobile-layout-row kt-row-valign-middle kb-theme-content-width\">\n<style>.kadence-column7_89c9c7-3d > .kt-inside-inner-col,.kadence-column7_89c9c7-3d > .kt-inside-inner-col:before{border-top-left-radius:0px;border-top-right-radius:0px;border-bottom-right-radius:0px;border-bottom-left-radius:0px;}.kadence-column7_89c9c7-3d > .kt-inside-inner-col{column-gap:var(--global-kb-gap-sm, 1rem);}.kadence-column7_89c9c7-3d > .kt-inside-inner-col{flex-direction:column;}.kadence-column7_89c9c7-3d > .kt-inside-inner-col > .aligncenter{width:100%;}.kadence-column7_89c9c7-3d > .kt-inside-inner-col:before{opacity:0.3;}.kadence-column7_89c9c7-3d{position:relative;}@media all and (max-width: 1024px){.kadence-column7_89c9c7-3d > .kt-inside-inner-col{flex-direction:column;justify-content:center;}}@media all and (max-width: 767px){.kadence-column7_89c9c7-3d > .kt-inside-inner-col{flex-direction:column;justify-content:center;}}<\/style>\n<div class=\"wp-block-kadence-column kadence-column7_89c9c7-3d\"><div class=\"kt-inside-inner-col\"><style>.kb-image7_3a9864-15.kb-image-is-ratio-size, .kb-image7_3a9864-15 .kb-image-is-ratio-size{max-width:600px;width:100%;}.wp-block-kadence-column > .kt-inside-inner-col > .kb-image7_3a9864-15.kb-image-is-ratio-size, .wp-block-kadence-column > .kt-inside-inner-col > .kb-image7_3a9864-15 .kb-image-is-ratio-size{align-self:unset;}.kb-image7_3a9864-15 figure{max-width:600px;}.kb-image7_3a9864-15 .image-is-svg, .kb-image7_3a9864-15 .image-is-svg img{width:100%;}.kb-image7_3a9864-15 .kb-image-has-overlay:after{opacity:0.3;}@media all and (max-width: 767px){.kb-image7_3a9864-15.kb-image-is-ratio-size, .kb-image7_3a9864-15 .kb-image-is-ratio-size{max-width:200px;width:100%;}.kb-image7_3a9864-15 figure{max-width:200px;}}<\/style>\n<div class=\"wp-block-kadence-image kb-image7_3a9864-15\"><figure class=\"aligncenter size-large\"><img loading=\"lazy\" decoding=\"async\" width=\"1024\" height=\"345\" src=\"https:\/\/jp.mustapilvi.fi\/wp-content\/uploads\/2025\/11\/jaakko-peltola-logo-white-1024x345.png\" alt=\"\" class=\"kb-img wp-image-10\" srcset=\"https:\/\/jp.mustapilvi.fi\/wp-content\/uploads\/2025\/11\/jaakko-peltola-logo-white-1024x345.png 1024w, https:\/\/jp.mustapilvi.fi\/wp-content\/uploads\/2025\/11\/jaakko-peltola-logo-white-300x101.png 300w, https:\/\/jp.mustapilvi.fi\/wp-content\/uploads\/2025\/11\/jaakko-peltola-logo-white-768x259.png 768w, https:\/\/jp.mustapilvi.fi\/wp-content\/uploads\/2025\/11\/jaakko-peltola-logo-white.png 1500w\" sizes=\"auto, (max-width: 1024px) 100vw, 1024px\" \/><\/figure><\/div>\n<\/div><\/div>\n\n<\/div><\/div>\n\n<style>.kb-row-layout-id7_944ecb-e5 > .kt-row-column-wrap{align-content:center;}:where(.kb-row-layout-id7_944ecb-e5 > .kt-row-column-wrap) > .wp-block-kadence-column{justify-content:center;}.kb-row-layout-id7_944ecb-e5 > .kt-row-column-wrap{column-gap:var(--global-kb-gap-md, 2rem);row-gap:var(--global-kb-gap-md, 2rem);max-width:var( --global-content-width, 1290px );padding-left:var(--global-content-edge-padding);padding-right:var(--global-content-edge-padding);padding-top:var(--global-kb-spacing-xl, 4rem);padding-bottom:var(--global-kb-spacing-xl, 4rem);min-height:400px;grid-template-columns:minmax(0, 1fr);}.kb-row-layout-id7_944ecb-e5{background-image:url('https:\/\/jp.mustapilvi.fi\/wp-content\/uploads\/2026\/03\/COS04376.jpg');background-size:cover;background-position:69% 37%;background-attachment:scroll;background-repeat:no-repeat;}.kb-row-layout-id7_944ecb-e5 > .kt-row-layout-overlay{opacity:0.90;background-color:var(--global-palette3, #1A202C);}.kb-row-layout-id7_944ecb-e5 .kt-row-layout-top-sep{height:50px;}.kb-row-layout-id7_944ecb-e5 .kt-row-layout-top-sep svg{width:100%;}.kb-row-layout-id7_944ecb-e5 .kt-row-layout-top-sep svg{fill:var(--global-palette1, #3182CE)!important;}@media all and (max-width: 1024px){.kb-row-layout-id7_944ecb-e5 > .kt-row-column-wrap{grid-template-columns:minmax(0, 1fr);}}@media all and (max-width: 767px){.kb-row-layout-id7_944ecb-e5 > .kt-row-column-wrap{grid-template-columns:minmax(0, 1fr);}}<\/style><div class=\"kb-row-layout-wrap kb-row-layout-id7_944ecb-e5 alignnone kt-row-has-bg wp-block-kadence-rowlayout\"><div class=\"kt-row-layout-overlay kt-row-overlay-normal\"><\/div><div class=\"kt-row-layout-top-sep kt-row-sep-type-threelevels\"><svg viewBox=\"0 0 1000 100\" preserveAspectRatio=\"none\"><path style=\"opacity: 0.33\" d=\"M0 95L1000 0v100H0v-5z\"><\/path><path style=\"opacity: 0.66\" d=\"M0 95l1000-67.944V100H0v-5z\"><\/path><path d=\"M0 95l1000-40.887V100H0v-5z\"><\/path><\/svg><\/div><div class=\"kt-row-column-wrap kt-has-1-columns kt-row-layout-equal kt-tab-layout-inherit kt-mobile-layout-row kt-row-valign-middle kb-theme-content-width\">\n<style>.kadence-column7_8788c4-5c > .kt-inside-inner-col,.kadence-column7_8788c4-5c > .kt-inside-inner-col:before{border-top-left-radius:0px;border-top-right-radius:0px;border-bottom-right-radius:0px;border-bottom-left-radius:0px;}.kadence-column7_8788c4-5c > .kt-inside-inner-col{column-gap:var(--global-kb-gap-sm, 1rem);}.kadence-column7_8788c4-5c > .kt-inside-inner-col{flex-direction:column;}.kadence-column7_8788c4-5c > .kt-inside-inner-col > .aligncenter{width:100%;}.kadence-column7_8788c4-5c > .kt-inside-inner-col:before{opacity:0.3;}.kadence-column7_8788c4-5c{position:relative;}@media all and (max-width: 1024px){.kadence-column7_8788c4-5c > .kt-inside-inner-col{flex-direction:column;justify-content:center;}}@media all and (max-width: 767px){.kadence-column7_8788c4-5c > .kt-inside-inner-col{flex-direction:column;justify-content:center;}}<\/style>\n<div class=\"wp-block-kadence-column kadence-column7_8788c4-5c\"><div class=\"kt-inside-inner-col\"><style>.wp-block-kadence-advancedheading.kt-adv-heading7_f603c3-04, .wp-block-kadence-advancedheading.kt-adv-heading7_f603c3-04[data-kb-block=\"kb-adv-heading7_f603c3-04\"]{text-align:center;font-style:normal;}.wp-block-kadence-advancedheading.kt-adv-heading7_f603c3-04 mark.kt-highlight, .wp-block-kadence-advancedheading.kt-adv-heading7_f603c3-04[data-kb-block=\"kb-adv-heading7_f603c3-04\"] mark.kt-highlight{font-style:normal;color:#f76a0c;-webkit-box-decoration-break:clone;box-decoration-break:clone;padding-top:0px;padding-right:0px;padding-bottom:0px;padding-left:0px;}.wp-block-kadence-advancedheading.kt-adv-heading7_f603c3-04 img.kb-inline-image, .wp-block-kadence-advancedheading.kt-adv-heading7_f603c3-04[data-kb-block=\"kb-adv-heading7_f603c3-04\"] img.kb-inline-image{width:150px;vertical-align:baseline;}<\/style>\n<h1 class=\"kt-adv-heading7_f603c3-04 wp-block-kadence-advancedheading\" data-kb-block=\"kb-adv-heading7_f603c3-04\">Jaakko Peltola Oy<br>Nosto- ja kuljetuspalvelu<\/h1>\n\n\n<style>.wp-block-kadence-advancedheading.kt-adv-heading7_04c125-90, .wp-block-kadence-advancedheading.kt-adv-heading7_04c125-90[data-kb-block=\"kb-adv-heading7_04c125-90\"]{text-align:center;font-size:var(--global-kb-font-size-md, 1.25rem);font-style:normal;}.wp-block-kadence-advancedheading.kt-adv-heading7_04c125-90 mark.kt-highlight, .wp-block-kadence-advancedheading.kt-adv-heading7_04c125-90[data-kb-block=\"kb-adv-heading7_04c125-90\"] mark.kt-highlight{font-style:normal;color:#f76a0c;-webkit-box-decoration-break:clone;box-decoration-break:clone;padding-top:0px;padding-right:0px;padding-bottom:0px;padding-left:0px;}.wp-block-kadence-advancedheading.kt-adv-heading7_04c125-90 img.kb-inline-image, .wp-block-kadence-advancedheading.kt-adv-heading7_04c125-90[data-kb-block=\"kb-adv-heading7_04c125-90\"] img.kb-inline-image{width:150px;vertical-align:baseline;}<\/style>\n<h2 class=\"kt-adv-heading7_04c125-90 wp-block-kadence-advancedheading\" data-kb-block=\"kb-adv-heading7_04c125-90\">Kokkola &#8211; Pietarsaari &#8211; Kalajoki<\/h2>\n\n\n\n<p class=\"has-text-align-center\">Henkil\u00f6kohtainen palvelu ja tinkim\u00e4t\u00f6n ty\u00f6turvallisuus takaavat juuri sinun tarpeisiisi sopivat nostamisen ja kuljettamisen palvelut.<br>K\u00e4yt\u00f6ss\u00e4 nykyaikainen ja s\u00e4\u00e4nn\u00f6llisesti p\u00e4ivittyv\u00e4 kalusto.<\/p>\n<\/div><\/div>\n\n<\/div><\/div>\n\n<style>.kb-row-layout-id7_e0c74d-71 > .kt-row-column-wrap{align-content:center;}:where(.kb-row-layout-id7_e0c74d-71 > .kt-row-column-wrap) > .wp-block-kadence-column{justify-content:center;}.kb-row-layout-id7_e0c74d-71 > .kt-row-column-wrap{column-gap:var(--global-kb-gap-md, 2rem);row-gap:var(--global-kb-gap-md, 2rem);max-width:var( --global-content-width, 1290px );padding-left:var(--global-content-edge-padding);padding-right:var(--global-content-edge-padding);padding-top:var(--global-kb-spacing-xl, 4rem);padding-bottom:var(--global-kb-spacing-xl, 4rem);grid-template-columns:minmax(0, 1fr);}.kb-row-layout-id7_e0c74d-71 > .kt-row-layout-overlay{opacity:0.90;}.kb-row-layout-id7_e0c74d-71 .kt-row-layout-top-sep{height:50px;}.kb-row-layout-id7_e0c74d-71 .kt-row-layout-top-sep svg{width:100%;}.kb-row-layout-id7_e0c74d-71 .kt-row-layout-top-sep svg{fill:var(--global-palette4, #2D3748)!important;}@media all and (max-width: 1024px){.kb-row-layout-id7_e0c74d-71 > .kt-row-column-wrap{grid-template-columns:minmax(0, 1fr);}}@media all and (max-width: 767px){.kb-row-layout-id7_e0c74d-71 > .kt-row-column-wrap{grid-template-columns:minmax(0, 1fr);}}<\/style><div class=\"kb-row-layout-wrap kb-row-layout-id7_e0c74d-71 alignnone wp-block-kadence-rowlayout\"><div class=\"kt-row-layout-top-sep kt-row-sep-type-threelevels\"><svg viewBox=\"0 0 1000 100\" preserveAspectRatio=\"none\"><path style=\"opacity: 0.33\" d=\"M0 95L1000 0v100H0v-5z\"><\/path><path style=\"opacity: 0.66\" d=\"M0 95l1000-67.944V100H0v-5z\"><\/path><path d=\"M0 95l1000-40.887V100H0v-5z\"><\/path><\/svg><\/div><div class=\"kt-row-column-wrap kt-has-1-columns kt-row-layout-equal kt-tab-layout-inherit kt-mobile-layout-row kt-row-valign-middle kb-theme-content-width\">\n<style>.kadence-column7_b8deac-71 > .kt-inside-inner-col,.kadence-column7_b8deac-71 > .kt-inside-inner-col:before{border-top-left-radius:0px;border-top-right-radius:0px;border-bottom-right-radius:0px;border-bottom-left-radius:0px;}.kadence-column7_b8deac-71 > .kt-inside-inner-col{column-gap:var(--global-kb-gap-sm, 1rem);}.kadence-column7_b8deac-71 > .kt-inside-inner-col{flex-direction:column;}.kadence-column7_b8deac-71 > .kt-inside-inner-col > .aligncenter{width:100%;}.kadence-column7_b8deac-71 > .kt-inside-inner-col:before{opacity:0.3;}.kadence-column7_b8deac-71{position:relative;}@media all and (max-width: 1024px){.kadence-column7_b8deac-71 > .kt-inside-inner-col{flex-direction:column;justify-content:center;}}@media all and (max-width: 767px){.kadence-column7_b8deac-71 > .kt-inside-inner-col{flex-direction:column;justify-content:center;}}<\/style>\n<div class=\"wp-block-kadence-column kadence-column7_b8deac-71\"><div class=\"kt-inside-inner-col\"><style>.wp-block-kadence-advancedheading.kt-adv-heading7_968857-7f, .wp-block-kadence-advancedheading.kt-adv-heading7_968857-7f[data-kb-block=\"kb-adv-heading7_968857-7f\"]{text-align:left;font-style:normal;}.wp-block-kadence-advancedheading.kt-adv-heading7_968857-7f mark.kt-highlight, .wp-block-kadence-advancedheading.kt-adv-heading7_968857-7f[data-kb-block=\"kb-adv-heading7_968857-7f\"] mark.kt-highlight{font-style:normal;color:#f76a0c;-webkit-box-decoration-break:clone;box-decoration-break:clone;padding-top:0px;padding-right:0px;padding-bottom:0px;padding-left:0px;}.wp-block-kadence-advancedheading.kt-adv-heading7_968857-7f img.kb-inline-image, .wp-block-kadence-advancedheading.kt-adv-heading7_968857-7f[data-kb-block=\"kb-adv-heading7_968857-7f\"] img.kb-inline-image{width:150px;vertical-align:baseline;}<\/style>\n<h2 class=\"kt-adv-heading7_968857-7f wp-block-kadence-advancedheading\" data-kb-block=\"kb-adv-heading7_968857-7f\">Otsikko Numero 2<\/h2>\n\n\n\n<p class=\"has-text-align-left\">Lorem ipsum dolor sit amet, consectetur adipiscing elit. Fusce ornare purus dolor, nec lacinia dolor congue et. Interdum et malesuada fames ac ante ipsum primis in faucibus. Curabitur nibh urna, consectetur in leo et, gravida porttitor sapien. Pellentesque habitant morbi tristique senectus et netus et malesuada fames ac turpis egestas. Ut in arcu rutrum, consequat libero et, pellentesque odio. Nunc quis sodales ante. Cras et sollicitudin lorem. In non finibus quam. In tincidunt neque nunc, id consectetur libero maximus vitae. Maecenas congue mollis diam, ac lacinia nisi elementum in. Vestibulum sodales neque nunc. Donec neque nibh, laoreet at pulvinar a, feugiat non mi. Nunc tristique venenatis viverra. Suspendisse eget ligula non risus lobortis varius. Nunc rhoncus turpis at vestibulum posuere. Mauris tincidunt, lacus non scelerisque convallis, metus nisi viverra neque, eget cursus diam felis et turpis.<\/p>\n<\/div><\/div>\n\n<\/div><\/div>\n\n<style>.kb-row-layout-id7_105273-9d > .kt-row-column-wrap{align-content:center;}:where(.kb-row-layout-id7_105273-9d > .kt-row-column-wrap) > .wp-block-kadence-column{justify-content:center;}.kb-row-layout-id7_105273-9d > .kt-row-column-wrap{column-gap:var(--global-kb-gap-md, 2rem);row-gap:var(--global-kb-gap-md, 2rem);max-width:var( --global-content-width, 1290px );padding-left:var(--global-content-edge-padding);padding-right:var(--global-content-edge-padding);padding-top:var(--global-kb-spacing-xl, 4rem);padding-bottom:var(--global-kb-spacing-xl, 4rem);grid-template-columns:minmax(0, 1fr);}.kb-row-layout-id7_105273-9d > .kt-row-layout-overlay{opacity:0.90;}.kb-row-layout-id7_105273-9d .kt-row-layout-top-sep{height:50px;}.kb-row-layout-id7_105273-9d .kt-row-layout-top-sep svg{width:100%;}.kb-row-layout-id7_105273-9d .kt-row-layout-top-sep svg{fill:var(--global-palette4, #2D3748)!important;}@media all and (max-width: 1024px){.kb-row-layout-id7_105273-9d > .kt-row-column-wrap{grid-template-columns:minmax(0, 1fr);}}@media all and (max-width: 767px){.kb-row-layout-id7_105273-9d > .kt-row-column-wrap{grid-template-columns:minmax(0, 1fr);}}<\/style><div class=\"kb-row-layout-wrap kb-row-layout-id7_105273-9d alignnone wp-block-kadence-rowlayout\"><div class=\"kt-row-layout-top-sep kt-row-sep-type-threelevels\"><svg viewBox=\"0 0 1000 100\" preserveAspectRatio=\"none\"><path style=\"opacity: 0.33\" d=\"M0 95L1000 0v100H0v-5z\"><\/path><path style=\"opacity: 0.66\" d=\"M0 95l1000-67.944V100H0v-5z\"><\/path><path d=\"M0 95l1000-40.887V100H0v-5z\"><\/path><\/svg><\/div><div class=\"kt-row-column-wrap kt-has-1-columns kt-row-layout-equal kt-tab-layout-inherit kt-mobile-layout-row kt-row-valign-middle kb-theme-content-width\">\n<style>.kadence-column7_f29a28-6a > .kt-inside-inner-col,.kadence-column7_f29a28-6a > .kt-inside-inner-col:before{border-top-left-radius:0px;border-top-right-radius:0px;border-bottom-right-radius:0px;border-bottom-left-radius:0px;}.kadence-column7_f29a28-6a > .kt-inside-inner-col{column-gap:var(--global-kb-gap-sm, 1rem);}.kadence-column7_f29a28-6a > .kt-inside-inner-col{flex-direction:column;}.kadence-column7_f29a28-6a > .kt-inside-inner-col > .aligncenter{width:100%;}.kadence-column7_f29a28-6a > .kt-inside-inner-col:before{opacity:0.3;}.kadence-column7_f29a28-6a{position:relative;}@media all and (max-width: 1024px){.kadence-column7_f29a28-6a > .kt-inside-inner-col{flex-direction:column;justify-content:center;}}@media all and (max-width: 767px){.kadence-column7_f29a28-6a > .kt-inside-inner-col{flex-direction:column;justify-content:center;}}<\/style>\n<div class=\"wp-block-kadence-column kadence-column7_f29a28-6a\"><div class=\"kt-inside-inner-col\"><style>.wp-block-kadence-advancedheading.kt-adv-heading7_742f9a-b3, .wp-block-kadence-advancedheading.kt-adv-heading7_742f9a-b3[data-kb-block=\"kb-adv-heading7_742f9a-b3\"]{text-align:left;font-style:normal;}.wp-block-kadence-advancedheading.kt-adv-heading7_742f9a-b3 mark.kt-highlight, .wp-block-kadence-advancedheading.kt-adv-heading7_742f9a-b3[data-kb-block=\"kb-adv-heading7_742f9a-b3\"] mark.kt-highlight{font-style:normal;color:#f76a0c;-webkit-box-decoration-break:clone;box-decoration-break:clone;padding-top:0px;padding-right:0px;padding-bottom:0px;padding-left:0px;}.wp-block-kadence-advancedheading.kt-adv-heading7_742f9a-b3 img.kb-inline-image, .wp-block-kadence-advancedheading.kt-adv-heading7_742f9a-b3[data-kb-block=\"kb-adv-heading7_742f9a-b3\"] img.kb-inline-image{width:150px;vertical-align:baseline;}<\/style>\n<h2 class=\"kt-adv-heading7_742f9a-b3 wp-block-kadence-advancedheading\" data-kb-block=\"kb-adv-heading7_742f9a-b3\">Yhteystiedot<\/h2>\n\n\n\n<p class=\"has-text-align-left\">Lorem ipsum dolor sit amet, consectetur adipiscing elit. Fusce ornare purus dolor, nec lacinia dolor congue et. Interdum et malesuada fames ac ante ipsum primis in faucibus. Curabitur nibh urna, consectetur in leo et, gravida porttitor sapien. Pellentesque habitant morbi tristique senectus et netus et malesuada fames ac turpis egestas. Ut in arcu rutrum, consequat libero et, pellentesque odio. Nunc quis sodales ante. Cras et sollicitudin lorem. In non finibus quam. In tincidunt neque nunc, id consectetur libero maximus vitae. Maecenas congue mollis diam, ac lacinia nisi elementum in. Vestibulum sodales neque nunc. Donec neque nibh, laoreet at pulvinar a, feugiat non mi. Nunc tristique venenatis viverra. Suspendisse eget ligula non risus lobortis varius. Nunc rhoncus turpis at vestibulum posuere. Mauris tincidunt, lacus non scelerisque convallis, metus nisi viverra neque, eget cursus diam felis et turpis.<\/p>\n<\/div><\/div>\n\n<\/div><\/div>\n\n\n<p><\/p>\n","protected":false},"excerpt":{"rendered":"<p>Jaakko Peltola OyNosto- ja kuljetuspalvelu Kokkola &#8211; Pietarsaari &#8211; Kalajoki Henkil\u00f6kohtainen palvelu ja tinkim\u00e4t\u00f6n ty\u00f6turvallisuus takaavat juuri sinun tarpeisiisi sopivat nostamisen ja kuljettamisen palvelut.K\u00e4yt\u00f6ss\u00e4 nykyaikainen ja s\u00e4\u00e4nn\u00f6llisesti p\u00e4ivittyv\u00e4 kalusto. Otsikko Numero 2 Lorem ipsum dolor sit amet, consectetur adipiscing elit. Fusce ornare purus dolor, nec lacinia dolor congue et. Interdum et malesuada fames ac ante&#8230;<\/p>\n","protected":false},"author":1,"featured_media":0,"parent":0,"menu_order":0,"comment_status":"closed","ping_status":"closed","template":"","meta":{"_kad_blocks_custom_css":"","_kad_blocks_head_custom_js":"","_kad_blocks_body_custom_js":"","_kad_blocks_footer_custom_js":"","_kad_post_transparent":"","_kad_post_title":"","_kad_post_layout":"","_kad_post_sidebar_id":"","_kad_post_content_style":"","_kad_post_vertical_padding":"","_kad_post_feature":"","_kad_post_feature_position":"","_kad_post_header":false,"_kad_post_footer":false,"_kad_post_classname":"","footnotes":""},"class_list":["post-7","page","type-page","status-publish","hentry"],"taxonomy_info":[],"featured_image_src_large":false,"author_info":{"display_name":"admin","author_link":"https:\/\/jp.mustapilvi.fi\/index.php\/author\/yllapitaja\/"},"comment_info":0,"_links":{"self":[{"href":"https:\/\/jp.mustapilvi.fi\/index.php\/wp-json\/wp\/v2\/pages\/7","targetHints":{"allow":["GET"]}}],"collection":[{"href":"https:\/\/jp.mustapilvi.fi\/index.php\/wp-json\/wp\/v2\/pages"}],"about":[{"href":"https:\/\/jp.mustapilvi.fi\/index.php\/wp-json\/wp\/v2\/types\/page"}],"author":[{"embeddable":true,"href":"https:\/\/jp.mustapilvi.fi\/index.php\/wp-json\/wp\/v2\/users\/1"}],"replies":[{"embeddable":true,"href":"https:\/\/jp.mustapilvi.fi\/index.php\/wp-json\/wp\/v2\/comments?post=7"}],"version-history":[{"count":15,"href":"https:\/\/jp.mustapilvi.fi\/index.php\/wp-json\/wp\/v2\/pages\/7\/revisions"}],"predecessor-version":[{"id":69,"href":"https:\/\/jp.mustapilvi.fi\/index.php\/wp-json\/wp\/v2\/pages\/7\/revisions\/69"}],"wp:attachment":[{"href":"https:\/\/jp.mustapilvi.fi\/index.php\/wp-json\/wp\/v2\/media?parent=7"}],"curies":[{"name":"wp","href":"https:\/\/api.w.org\/{rel}","templated":true}]}}